{"id":5,"date":"2020-10-27T16:55:34","date_gmt":"2020-10-27T15:55:34","guid":{"rendered":"https:\/\/zendbass.bbhosting.cz\/?page_id=5"},"modified":"2020-10-27T20:07:08","modified_gmt":"2020-10-27T19:07:08","slug":"uvod","status":"publish","type":"page","link":"https:\/\/zendbass.cz\/","title":{"rendered":"Pavel \u017den\u00ed\u0161ek \u2013 opravy kontrabas\u016f"},"content":{"rendered":"\n<figure class=\"wp-block-image size-large\"><img loading=\"lazy\" decoding=\"async\" width=\"980\" height=\"400\" src=\"https:\/\/zendbass.bbhosting.cz\/wp-content\/uploads\/2020\/10\/kontrabas-980x400-1.jpg\" alt=\"\" class=\"wp-image-11\" srcset=\"https:\/\/www.zendbass.cz\/wp-content\/uploads\/2020\/10\/kontrabas-980x400-1.jpg 980w, https:\/\/www.zendbass.cz\/wp-content\/uploads\/2020\/10\/kontrabas-980x400-1-300x122.jpg 300w, https:\/\/www.zendbass.cz\/wp-content\/uploads\/2020\/10\/kontrabas-980x400-1-768x313.jpg 768w\" sizes=\"auto, (max-width: 709px) 85vw, (max-width: 909px) 67vw, (max-width: 1362px) 62vw, 840px\" \/><\/figure>\n\n\n\n<p>Zdrav\u00edm! Jsem vyu\u010den\u00fd housla\u0159 a od roku 1993 se specializuji na opravy kontrabas\u016f. P\u016fsob\u00edm v Praze \u2013 Hole\u0161ovic\u00edch.<\/p>\n\n\n\n<p>Pavel \u017den\u00ed\u0161ek<\/p>\n","protected":false},"excerpt":{"rendered":"<p>Zdrav\u00edm! Jsem vyu\u010den\u00fd housla\u0159 a od roku 1993 se specializuji na opravy kontrabas\u016f. P\u016fsob\u00edm v Praze \u2013 Hole\u0161ovic\u00edch. Pavel \u017den\u00ed\u0161ek<\/p>\n","protected":false},"author":1,"featured_media":0,"parent":0,"menu_order":0,"comment_status":"closed","ping_status":"closed","template":"","meta":{"footnotes":""},"class_list":["post-5","page","type-page","status-publish","hentry"],"_links":{"self":[{"href":"https:\/\/zendbass.cz\/index.php\/wp-json\/wp\/v2\/pages\/5","targetHints":{"allow":["GET"]}}],"collection":[{"href":"https:\/\/zendbass.cz\/index.php\/wp-json\/wp\/v2\/pages"}],"about":[{"href":"https:\/\/zendbass.cz\/index.php\/wp-json\/wp\/v2\/types\/page"}],"author":[{"embeddable":true,"href":"https:\/\/zendbass.cz\/index.php\/wp-json\/wp\/v2\/users\/1"}],"replies":[{"embeddable":true,"href":"https:\/\/zendbass.cz\/index.php\/wp-json\/wp\/v2\/comments?post=5"}],"version-history":[{"count":7,"href":"https:\/\/zendbass.cz\/index.php\/wp-json\/wp\/v2\/pages\/5\/revisions"}],"predecessor-version":[{"id":26,"href":"https:\/\/zendbass.cz\/index.php\/wp-json\/wp\/v2\/pages\/5\/revisions\/26"}],"wp:attachment":[{"href":"https:\/\/zendbass.cz\/index.php\/wp-json\/wp\/v2\/media?parent=5"}],"curies":[{"name":"wp","href":"https:\/\/api.w.org\/{rel}","templated":true}]}}